{"id":2897,"date":"2020-08-18T21:09:48","date_gmt":"2020-08-19T00:09:48","guid":{"rendered":"https:\/\/casanapedraparaty.com.br\/home\/?page_id=2897"},"modified":"2023-03-03T00:47:15","modified_gmt":"2023-03-03T03:47:15","slug":"suite-atelier-na-pedra","status":"publish","type":"page","link":"https:\/\/casanapedraparaty.com.br\/home\/suite-atelier-na-pedra\/","title":{"rendered":"Su\u00edte Atelier na Pedra"},"content":{"rendered":"<p>[vc_row][vc_column][\/vc_column][\/vc_row][vc_row][vc_column width=&#8221;2\/3&#8243;][vc_custom_heading text=&#8221;Su\u00edte Atelier na Pedra&#8221; font_container=&#8221;tag:h2|font_size:24|text_align:left&#8221; use_theme_fonts=&#8221;yes&#8221;][vc_empty_space][vc_column_text]<strong>Descri\u00e7\u00e3o:<\/strong><\/p>\n<p>Ambiente confort\u00e1vel, aconchegante e acolhedor com espa\u00e7o para at\u00e9 3 pessoas (informar a quantidade de h\u00f3spedes na reserva), com vista para as montanhas da Serra da Bocaina.<\/p>\n<p>Possui 1 cama box tamanho Queen, \u00a0roupa de cama e banho, um sof\u00e1 cama de solteiro confort\u00e1vel.<br \/>\nO aquecimento da \u00e1gua \u00e9 solar e el\u00e9trico. TV 40\u2033 com SKY a cabo, estacionamento e WIFI com internet de alta velocidade dispon\u00edvel.<br \/>\nCozinha com fog\u00e3o 2 bocas com forno, geladeira, micro-ondas, cafeteira el\u00e9trica e sanduicheira. Ar-condicionado e ventilador de teto.<br \/>\nPort\u00e3o autom\u00e1tico, com controle remoto, para conforto dos h\u00f3spedes.<br \/>\nUm autom\u00f3vel \u00e9 desej\u00e1vel para facilitar sua locomo\u00e7\u00e3o pela cidade, apesar de estarmos a cerca de 50 metros do ponto de \u00f4nibus urbano.<br \/>\nPara desfrutar de todas as belezas de Paraty, \u00e9 recomendado um autom\u00f3vel, pois todo litoral \u00e9 bel\u00edssimo, rico pela fauna e flora. Algumas praias s\u00e3o costeiras, outras alcan\u00e7adas de barco e outras visitadas de autom\u00f3veis pela Rodovia BR-101.[\/vc_column_text][vc_row_inner][vc_column_inner width=&#8221;1\/3&#8243;][vc_column_text]<img decoding=\"async\" src=\"https:\/\/casanapedraparaty.com.br\/home\/wp-content\/uploads\/2020\/08\/double-bed.png\" \/> Cama de casal<br \/>\n<img decoding=\"async\" src=\"https:\/\/casanapedraparaty.com.br\/home\/wp-content\/uploads\/2020\/08\/tv.png\" \/> Televis\u00e3o[\/vc_column_text][\/vc_column_inner][vc_column_inner width=&#8221;1\/3&#8243;][vc_column_text]<img decoding=\"async\" src=\"https:\/\/casanapedraparaty.com.br\/home\/wp-content\/uploads\/2020\/08\/minibar.png\" \/> Frigobar<br \/>\n<img decoding=\"async\" src=\"https:\/\/casanapedraparaty.com.br\/home\/wp-content\/uploads\/2020\/08\/ar-condicionado.png\" \/> Ar Condicionado[\/vc_column_text][\/vc_column_inner][vc_column_inner width=&#8221;1\/3&#8243;][vc_column_text]<img decoding=\"async\" src=\"https:\/\/casanapedraparaty.com.br\/home\/wp-content\/uploads\/2020\/08\/icon-grupo.png\" \/> M\u00e1ximo de 3 Pessoas<br \/>\n<img decoding=\"async\" src=\"https:\/\/casanapedraparaty.com.br\/home\/wp-content\/uploads\/2020\/08\/icon-calendar-1.png\" \/> M\u00ednimo de 2 di\u00e1rias[\/vc_column_text][\/vc_column_inner][\/vc_row_inner][vc_empty_space][vc_masonry_media_grid element_width=&#8221;2&#8243; grid_id=&#8221;vc_gid:1677814540769-ee00009e-9777-6&#8243; include=&#8221;3135,3136,3137,3138,3139,3141,3142,3144,3145,3146,3147,3148,3149,3150,3151,3152,3153&#8243;][\/vc_column][vc_column width=&#8221;1\/3&#8243; css=&#8221;.vc_custom_1656267525122{background-color: #e8e8e8 !important;}&#8221;][vc_custom_heading text=&#8221;Consulte a Disponibilidade&#8221; font_container=&#8221;tag:h2|font_size:24|text_align:center&#8221; use_theme_fonts=&#8221;yes&#8221;]<div role=\"form\" class=\"wpcf7\" id=\"wpcf7-f3104-o1\" lang=\"pt-BR\" dir=\"ltr\">\n<div class=\"screen-reader-response\"><p role=\"status\" aria-live=\"polite\" aria-atomic=\"true\"><\/p> <ul><\/ul><\/div>\n<form action=\"\/home\/wp-json\/wp\/v2\/pages\/2897#wpcf7-f3104-o1\" method=\"post\" class=\"wpcf7-form init\" novalidate=\"novalidate\" data-status=\"init\">\n<div style=\"display: none;\">\n<input type=\"hidden\" name=\"_wpcf7\" value=\"3104\" \/>\n<input type=\"hidden\" name=\"_wpcf7_version\" value=\"5.6.4\" \/>\n<input type=\"hidden\" name=\"_wpcf7_locale\" value=\"pt_BR\" \/>\n<input type=\"hidden\" name=\"_wpcf7_unit_tag\" value=\"wpcf7-f3104-o1\" \/>\n<input type=\"hidden\" name=\"_wpcf7_container_post\" value=\"0\" \/>\n<input type=\"hidden\" name=\"_wpcf7_posted_data_hash\" value=\"\" \/>\n<\/div>\n<p><label> Seu nome<br \/>\n    <span class=\"wpcf7-form-control-wrap\" data-name=\"your-name\"><input type=\"text\" name=\"your-name\" value=\"\" size=\"40\" class=\"wpcf7-form-control wpcf7-text wpcf7-validates-as-required\" aria-required=\"true\" aria-invalid=\"false\" \/><\/span> <\/label><\/p>\n<p><label> Seu e-mail<br \/>\n    <span class=\"wpcf7-form-control-wrap\" data-name=\"your-email\"><input type=\"email\" name=\"your-email\" value=\"\" size=\"40\" class=\"wpcf7-form-control wpcf7-text wpcf7-email wpcf7-validates-as-required wpcf7-validates-as-email\" aria-required=\"true\" aria-invalid=\"false\" \/><\/span> <\/label><\/p>\n<p><label> Assunto<br \/>\n    <span class=\"wpcf7-form-control-wrap\" data-name=\"your-subject\"><input type=\"text\" name=\"your-subject\" value=\"\" size=\"40\" class=\"wpcf7-form-control wpcf7-text wpcf7-validates-as-required\" aria-required=\"true\" aria-invalid=\"false\" \/><\/span> <\/label><\/p>\n<p><label> Sua mensagem (opcional)<br \/>\n    <span class=\"wpcf7-form-control-wrap\" data-name=\"your-message\"><textarea name=\"your-message\" cols=\"40\" rows=\"10\" class=\"wpcf7-form-control wpcf7-textarea\" aria-invalid=\"false\"><\/textarea><\/span> <\/label><br \/>\n&nbsp;<br \/>\n<div id=\"cf7sr-69cffbe5914f3\" class=\"cf7sr-g-recaptcha\" data-sitekey=\"6Lfl7TYjAAAAAJGi4cVRObgf5AXZC8jBIxBG0CXB\"><\/div><span class=\"wpcf7-form-control-wrap cf7sr-recaptcha\" data-name=\"cf7sr-recaptcha\"><input type=\"hidden\" name=\"cf7sr-recaptcha\" value=\"\" class=\"wpcf7-form-control\"><\/span><br \/>\n&nbsp;<br \/>\n<input type=\"submit\" value=\"Enviar\" class=\"wpcf7-form-control has-spinner wpcf7-submit\" \/><\/p>\n<p style=\"display: none !important;\"><label>&#916;<textarea name=\"_wpcf7_ak_hp_textarea\" cols=\"45\" rows=\"8\" maxlength=\"100\"><\/textarea><\/label><input type=\"hidden\" id=\"ak_js_1\" name=\"_wpcf7_ak_js\" value=\"224\"\/><script>document.getElementById( \"ak_js_1\" ).setAttribute( \"value\", ( new Date() ).getTime() );<\/script><\/p><div class=\"wpcf7-response-output\" aria-hidden=\"true\"><\/div><\/form><\/div>[vc_empty_space][\/vc_column][\/vc_row][vc_row][vc_column][vc_empty_space height=&#8221;52px&#8221;][vc_custom_heading text=&#8221;Nossa Localiza\u00e7\u00e3o&#8221; font_container=&#8221;tag:h2|font_size:24|text_align:center&#8221; use_theme_fonts=&#8221;yes&#8221;][vc_empty_space][vc_column_text]<iframe style=\"border: 0;\" tabindex=\"0\" src=\"https:\/\/www.google.com\/maps\/embed?pb=!1m18!1m12!1m3!1d3666.4534762821863!2d-44.73223068555194!3d-23.226579755198046!2m3!1f0!2f0!3f0!3m2!1i1024!2i768!4f13.1!3m3!1m2!1s0x9d6db9904d34af%3A0x85a687d4633cc35a!2sCasa%20na%20Pedra%20Paraty!5e0!3m2!1spt-BR!2sbr!4v1597794089343!5m2!1spt-BR!2sbr\" width=\"1200\" height=\"300\" frameborder=\"0\" allowfullscreen=\"allowfullscreen\" aria-hidden=\"false\"><span data-mce-type=\"bookmark\" style=\"display: inline-block; width: 0px; overflow: hidden; line-height: 0;\" class=\"mce_SELRES_start\">\ufeff<\/span><\/iframe>[\/vc_column_text][\/vc_column][\/vc_row]<\/p>\n","protected":false},"excerpt":{"rendered":"<p>[vc_row][vc_column][\/vc_column][\/vc_row][vc_row][vc_column width=&#8221;2\/3&#8243;][vc_custom_heading text=&#8221;Su\u00edte Atelier na Pedra&#8221; font_container=&#8221;tag:h2|font_size:24|text_align:left&#8221; use_theme_fonts=&#8221;yes&#8221;][vc_empty_space][vc_column_text]Descri\u00e7\u00e3o: Ambiente confort\u00e1vel, aconchegante e acolhedor com espa\u00e7o para at\u00e9 3 pessoas (informar a quantidade de h\u00f3spedes na reserva), com vista para as montanhas da Serra da Bocaina. Possui 1 cama box tamanho Queen, \u00a0roupa de cama e banho, um sof\u00e1 cama de solteiro confort\u00e1vel. O aquecimento da &#8230;<\/p>\n","protected":false},"author":1,"featured_media":2975,"parent":0,"menu_order":0,"comment_status":"closed","ping_status":"closed","template":"","meta":{"_joinchat":[]},"_links":{"self":[{"href":"https:\/\/casanapedraparaty.com.br\/home\/wp-json\/wp\/v2\/pages\/2897"}],"collection":[{"href":"https:\/\/casanapedraparaty.com.br\/home\/wp-json\/wp\/v2\/pages"}],"about":[{"href":"https:\/\/casanapedraparaty.com.br\/home\/wp-json\/wp\/v2\/types\/page"}],"author":[{"embeddable":true,"href":"https:\/\/casanapedraparaty.com.br\/home\/wp-json\/wp\/v2\/users\/1"}],"replies":[{"embeddable":true,"href":"https:\/\/casanapedraparaty.com.br\/home\/wp-json\/wp\/v2\/comments?post=2897"}],"version-history":[{"count":11,"href":"https:\/\/casanapedraparaty.com.br\/home\/wp-json\/wp\/v2\/pages\/2897\/revisions"}],"predecessor-version":[{"id":3154,"href":"https:\/\/casanapedraparaty.com.br\/home\/wp-json\/wp\/v2\/pages\/2897\/revisions\/3154"}],"wp:featuredmedia":[{"embeddable":true,"href":"https:\/\/casanapedraparaty.com.br\/home\/wp-json\/wp\/v2\/media\/2975"}],"wp:attachment":[{"href":"https:\/\/casanapedraparaty.com.br\/home\/wp-json\/wp\/v2\/media?parent=2897"}],"curies":[{"name":"wp","href":"https:\/\/api.w.org\/{rel}","templated":true}]}}